{"id":119,"date":"2015-03-20T12:39:00","date_gmt":"2015-03-20T11:39:00","guid":{"rendered":"http:\/\/www.andreasvonhoff.de\/wordpress\/\/?page_id=119"},"modified":"2025-05-02T20:41:41","modified_gmt":"2025-05-02T18:41:41","slug":"kontaktimpressum","status":"publish","type":"page","link":"https:\/\/www.andreasvonhoff.de\/?page_id=119","title":{"rendered":"Kontakt\/Impressum"},"content":{"rendered":"<div style=\"width: 290px\" class=\"wp-caption alignnone\"><img data-recalc-dims=\"1\" loading=\"lazy\" decoding=\"async\" class=\"wp-image-162 size-full\" src=\"https:\/\/i0.wp.com\/www.andreasvonhoff.de\/\/wp-content\/uploads\/2015\/03\/Schwarzach05.jpg?resize=280%2C297&#038;ssl=1\" alt=\"Schwarzach05\" width=\"280\" height=\"297\" \/><p class=\"wp-caption-text\">Foto Else Andr\u00e9<\/p><\/div>\n<p>&nbsp;<\/p>\n<h3>Andreas von Hoff<\/h3>\n<h3>Musikp\u00e4dagoge, Autor und Fortbildner.<\/h3>\n<h3>Hauptstrasse 109<br \/>\n69168 Wiesloch<br \/>\nTel: 06222-31 93 143<br \/>\nE-Mail: <a class=\"jqpost show-addr\" href=\"mailto:mail@andreasvonhoff.de\">mail@andreasvonhoff.de<\/a><br \/>\nUmsatzsteuer-Identifikationsnummer: n\/a<\/h3>\n<hr \/>\n<p>&nbsp;<\/p>\n<h3>Haftungsausschluss<\/h3>\n<p>Mein Angebot enth\u00e4lt Links zu externen Webseiten, die m\u00f6glicherweise f\u00fcr die Besucher meiner Webseiten interessant sind. Die Tatsache der Verlinkung stellt jedoch keine Beurteilung der Qualit\u00e4t oder der sachlichen Richtigkeit der Inhalte dieser Seiten dar. Die Inhalte der verlinkten externen Seiten k\u00f6nnen auch jederzeit ohne mein Wissen ge\u00e4ndert werden. Ich kann deshalb f\u00fcr diese fremden Inhalte auch keine Gew\u00e4hr \u00fcbernehmen. F\u00fcr die Inhalte der verlinkten Seiten ist ausschlie\u00dflich der jeweilige Anbieter oder Betreiber der Seiten verantwortlich. Die verlinkten Seiten wurden zum Zeitpunkt der Verlinkung auf m\u00f6gliche Rechtsverst\u00f6\u00dfe \u00fcberpr\u00fcft. Rechtswidrige Inhalte waren zum Zeitpunkt der Verlinkung nicht erkennbar. Es besteht f\u00fcr mich auch kein Anlass zu bef\u00fcrchten, dass in absehbarer Zukunft rechtswidrige Inhalte auf diesen Seiten angezeigt werden. Sollte ich jedoch von rechtswidrigen Inhalten auf verlinkten Seiten Kenntnis erlangen, werde ich die entsprechenden Links sofort entfernen.<\/p>\n<p><strong>Einsatz von Google Analytics<\/strong><br \/>\nDiese Website benutzt Google Analytics, einen Webanalysedienst der Google Inc. (\u201cGoogle\u201d). Google Analytics verwendet sog. \u201cCookies\u201d, Textdateien, die auf Ihrem Computer gespeichert werden und die eine Analyse der Benutzung der Website durch Sie erm\u00f6glicht. Die durch den Cookie erzeugten Informationen \u00fcber Ihre Benutzung dieser Website (einschlie\u00dflich Ihrer IP-Adresse) wird an einen Server von Google in den USA \u00fcbertragen und dort gespeichert. Google wird diese Informationen benutzen, um Ihre Nutzung der Website auszuwerten, um Reports \u00fcber die Websiteaktivit\u00e4ten f\u00fcr die Websitebetreiber zusammenzustellen und um weitere mit der Websitenutzung und der Internetnutzung verbundene Dienstleistungen zu erbringen. Auch wird Google diese Informationen gegebenenfalls an Dritte \u00fcbertragen, sofern dies gesetzlich vorgeschrieben oder soweit Dritte diese Daten im Auftrag von Google verarbeiten. Google wird in keinem Fall Ihre IP-Adresse mit anderen Daten der Google in Verbindung bringen. Sie k\u00f6nnen die Installation der Cookies durch entsprechende Einstellung Ihrer Browser Software verhindern; wir weisen Sie jedoch darauf hin, dass Sie in diesem Fall gegebenenfalls nicht s\u00e4mtliche Funktionen dieser Website voll umf\u00e4nglich nutzen k\u00f6nnen. Durch die Nutzung dieser Website erkl\u00e4ren Sie sich mit der Bearbeitung der \u00fcber Sie erhobenen Daten durch Google in der zuvor beschriebenen Art und Weise und zu dem zuvor benannten Zweck einverstanden.<\/p>\n<p>&nbsp;<\/p>\n<p>&nbsp;<\/p>\n","protected":false},"excerpt":{"rendered":"<p>&nbsp; Andreas von Hoff Musikp\u00e4dagoge, Autor und Fortbildner. Hauptstrasse 109 69168 Wiesloch Tel: 06222-31 93 143 E-Mail: mail@andreasvonhoff.de Umsatzsteuer-Identifikationsnummer: n\/a &nbsp; Haftungsausschluss Mein Angebot enth\u00e4lt Links zu externen Webseiten, die m\u00f6glicherweise f\u00fcr die Besucher meiner Webseiten interessant sind. Die Tatsache der Verlinkung stellt jedoch keine Beurteilung der Qualit\u00e4t oder der sachlichen Richtigkeit der Inhalte dieser [&hellip;]<\/p>\n","protected":false},"author":1,"featured_media":0,"parent":0,"menu_order":16,"comment_status":"open","ping_status":"open","template":"","meta":{"_surecart_dashboard_logo_width":"180px","_surecart_dashboard_show_logo":true,"_surecart_dashboard_navigation_orders":true,"_surecart_dashboard_navigation_invoices":true,"_surecart_dashboard_navigation_subscriptions":true,"_surecart_dashboard_navigation_downloads":true,"_surecart_dashboard_navigation_billing":true,"_surecart_dashboard_navigation_account":true,"footnotes":""},"class_list":["post-119","page","type-page","status-publish","hentry"],"_links":{"self":[{"href":"https:\/\/www.andreasvonhoff.de\/index.php?rest_route=\/wp\/v2\/pages\/119","targetHints":{"allow":["GET"]}}],"collection":[{"href":"https:\/\/www.andreasvonhoff.de\/index.php?rest_route=\/wp\/v2\/pages"}],"about":[{"href":"https:\/\/www.andreasvonhoff.de\/index.php?rest_route=\/wp\/v2\/types\/page"}],"author":[{"embeddable":true,"href":"https:\/\/www.andreasvonhoff.de\/index.php?rest_route=\/wp\/v2\/users\/1"}],"replies":[{"embeddable":true,"href":"https:\/\/www.andreasvonhoff.de\/index.php?rest_route=%2Fwp%2Fv2%2Fcomments&post=119"}],"version-history":[{"count":15,"href":"https:\/\/www.andreasvonhoff.de\/index.php?rest_route=\/wp\/v2\/pages\/119\/revisions"}],"predecessor-version":[{"id":2864,"href":"https:\/\/www.andreasvonhoff.de\/index.php?rest_route=\/wp\/v2\/pages\/119\/revisions\/2864"}],"wp:attachment":[{"href":"https:\/\/www.andreasvonhoff.de\/index.php?rest_route=%2Fwp%2Fv2%2Fmedia&parent=119"}],"curies":[{"name":"wp","href":"https:\/\/api.w.org\/{rel}","templated":true}]}}