{"id":123,"date":"2015-03-20T16:27:50","date_gmt":"2015-03-20T15:27:50","guid":{"rendered":"http:\/\/www.andreasvonhoff.de\/wordpress\/\/?page_id=123"},"modified":"2022-08-13T09:24:44","modified_gmt":"2022-08-13T07:24:44","slug":"literaturdownloads","status":"publish","type":"page","link":"https:\/\/www.andreasvonhoff.de\/?page_id=123","title":{"rendered":"Literatur und Downloads"},"content":{"rendered":"<p>Die Seite ist vor\u00fcbergehend gest\u00f6rt, weil WordPress die Inhalte gel\u00f6scht hat. Ich bitte um Verst\u00e4ndnis. Bei Fragen gerne Mail an mich mail (at) andreasvonhoff (dot) de<\/p>\n","protected":false},"excerpt":{"rendered":"<p>Die Seite ist vor\u00fcbergehend gest\u00f6rt, weil WordPress die Inhalte gel\u00f6scht hat. Ich bitte um Verst\u00e4ndnis. Bei Fragen gerne Mail an mich mail (at) andreasvonhoff (dot) de<\/p>\n","protected":false},"author":1,"featured_media":0,"parent":0,"menu_order":10,"comment_status":"open","ping_status":"open","template":"lit.php","meta":{"_surecart_dashboard_logo_width":"180px","_surecart_dashboard_show_logo":true,"_surecart_dashboard_navigation_orders":true,"_surecart_dashboard_navigation_invoices":true,"_surecart_dashboard_navigation_subscriptions":true,"_surecart_dashboard_navigation_downloads":true,"_surecart_dashboard_navigation_billing":true,"_surecart_dashboard_navigation_account":true,"footnotes":""},"class_list":["post-123","page","type-page","status-publish","hentry"],"_links":{"self":[{"href":"https:\/\/www.andreasvonhoff.de\/index.php?rest_route=\/wp\/v2\/pages\/123","targetHints":{"allow":["GET"]}}],"collection":[{"href":"https:\/\/www.andreasvonhoff.de\/index.php?rest_route=\/wp\/v2\/pages"}],"about":[{"href":"https:\/\/www.andreasvonhoff.de\/index.php?rest_route=\/wp\/v2\/types\/page"}],"author":[{"embeddable":true,"href":"https:\/\/www.andreasvonhoff.de\/index.php?rest_route=\/wp\/v2\/users\/1"}],"replies":[{"embeddable":true,"href":"https:\/\/www.andreasvonhoff.de\/index.php?rest_route=%2Fwp%2Fv2%2Fcomments&post=123"}],"version-history":[{"count":12,"href":"https:\/\/www.andreasvonhoff.de\/index.php?rest_route=\/wp\/v2\/pages\/123\/revisions"}],"predecessor-version":[{"id":2646,"href":"https:\/\/www.andreasvonhoff.de\/index.php?rest_route=\/wp\/v2\/pages\/123\/revisions\/2646"}],"wp:attachment":[{"href":"https:\/\/www.andreasvonhoff.de\/index.php?rest_route=%2Fwp%2Fv2%2Fmedia&parent=123"}],"curies":[{"name":"wp","href":"https:\/\/api.w.org\/{rel}","templated":true}]}}