{"id":2,"date":"2015-03-18T16:14:55","date_gmt":"2015-03-18T16:14:55","guid":{"rendered":"http:\/\/www.andreasvonhoff.de\/wordpress\/\/?page_id=2"},"modified":"2024-09-16T06:42:53","modified_gmt":"2024-09-16T04:42:53","slug":"beispiel-seite","status":"publish","type":"page","link":"https:\/\/www.andreasvonhoff.de\/?page_id=2","title":{"rendered":"Boomwhackers-Workshops"},"content":{"rendered":"<h4><span style=\"color: #ff00ff;\">!Boomwhackers nach in Corona? Geht! <span style=\"color: #000000;\">Workshops auf <a href=\"mail@andreasvonhoff.de\"><span style=\"color: #00ff00;\">Anfrage<\/span><\/a><\/span><strong><br \/><\/strong><\/span><\/h4>\r\n<h4><span style=\"color: #333333;\">Und die Hygiene? <span style=\"color: #808080;\">Die Boomwhackers werden vor und nach dem Musizieren mit haushalts\u00fcblichen Desinfektionsmitteln gereinigt. Ansonsten gelten die<\/span> &#8222;Drei Goldenen Boomwhackersregeln&#8220;<span style=\"color: #808080;\">: &#8222;No eyes, no ears, no mouth! :-)&#8220;. Hier das<\/span><\/span> <span style=\"color: #00ff00;\"><a style=\"color: #00ff00;\" href=\"https:\/\/youtu.be\/2NOUA-aMn64\">Video<\/a><\/span><span style=\"color: #333399;\"><span style=\"color: #808080;\"> dazu<\/span>.<\/span><\/h4>\r\n<h4><span style=\"color: #808080;\">Wir singen? Klar doch! <span style=\"color: #000000;\">Sicherheitsabstand<\/span>? Den halten die Boomwhackerspieler ganz automatisch ein :-). <span style=\"color: #000000;\">Wo?<\/span> Turnhalle oder draussen, gern auch in den Pausen. Kein Problem! <\/span><\/h4>\r\n<h4>\u00a0<\/h4>\r\n<h4><a href=\"https:\/\/i0.wp.com\/www.andreasvonhoff.de\/wp-content\/uploads\/CIMG0091-1.jpg?ssl=1\"><img data-recalc-dims=\"1\" loading=\"lazy\" decoding=\"async\" class=\"alignleft wp-image-2330\" title=\"Die Boomwhackers in Weimar\" src=\"https:\/\/i0.wp.com\/www.andreasvonhoff.de\/wp-content\/uploads\/CIMG0091-1.jpg?resize=400%2C300&#038;ssl=1\" alt=\"\" width=\"400\" height=\"300\" srcset=\"https:\/\/i0.wp.com\/www.andreasvonhoff.de\/wp-content\/uploads\/CIMG0091-1.jpg?resize=300%2C225&amp;ssl=1 300w, https:\/\/i0.wp.com\/www.andreasvonhoff.de\/wp-content\/uploads\/CIMG0091-1.jpg?resize=150%2C113&amp;ssl=1 150w, https:\/\/i0.wp.com\/www.andreasvonhoff.de\/wp-content\/uploads\/CIMG0091-1.jpg?w=600&amp;ssl=1 600w\" sizes=\"auto, (max-width: 400px) 100vw, 400px\" \/><\/a><\/h4>\r\n<h4><span style=\"color: #808080;\">Schnell und einfach Lieder begleiten mit den Boomwhackersklangr\u00f6hren? Klar doch: Ihre Sch\u00fclerinnen und Sch\u00fcler freuen sich schon darauf.<\/span><\/h4>\r\n<ul>\r\n<li>Boomwhackers bringe ich in ausreichender St\u00fcckzahl mit, ganze Klassenstufen unterrichte ich auf diese Weise.<\/li>\r\n<li>Wir arbeiten nach der <span style=\"color: #00ff00;\"><a style=\"color: #00ff00;\" href=\"https:\/\/www.andreasvonhoff.de\/wp-admin\/post.php?post=570&amp;action=edit\">Rainbow-Methode<\/a><\/span>\u00a0 und spielen sofort los &#8211; ohne Worte und ohne langatmige Erkl\u00e4rungen. Haben Sie Liedw\u00fcnsche f\u00fcr eigene Auff\u00fchrungen? Das kl\u00e4ren wir vorher ab, E-Mail an mich: <span style=\"color: #0000ff;\"><a style=\"color: #0000ff;\" href=\"mailto:mail@andreasvonhoff.de\">mail (at) andreasvonhoff (punkt) de<\/a><\/span><\/li>\r\n<li><span style=\"color: #000000;\">Machen wir zum Abschluss ein kleines Konzert mit Eltern und Verwandten? 250 Boomwhackers bringe ich mit.\u00a0<br \/><\/span><\/li>\r\n<li>Und am Nachmittag optional noch ein Vertiefungsworkshop f\u00fcr die Lehrpersonen, falls noch Fragen offen sind.<\/li>\r\n<\/ul>\r\n<p><a href=\"https:\/\/i0.wp.com\/www.andreasvonhoff.de\/wp-content\/uploads\/2015\/03\/SandhausenPanorama-270609_980x199.jpg?ssl=1\"><img data-recalc-dims=\"1\" loading=\"lazy\" decoding=\"async\" class=\"alignnone wp-image-160\" src=\"https:\/\/i0.wp.com\/www.andreasvonhoff.de\/wp-content\/uploads\/2015\/03\/SandhausenPanorama-270609_980x199.jpg?resize=600%2C122&#038;ssl=1\" alt=\"SandhausenPanorama-270609_980x199\" width=\"600\" height=\"122\" srcset=\"https:\/\/i0.wp.com\/www.andreasvonhoff.de\/wp-content\/uploads\/2015\/03\/SandhausenPanorama-270609_980x199.jpg?w=980&amp;ssl=1 980w, https:\/\/i0.wp.com\/www.andreasvonhoff.de\/wp-content\/uploads\/2015\/03\/SandhausenPanorama-270609_980x199.jpg?resize=300%2C61&amp;ssl=1 300w\" sizes=\"auto, (max-width: 600px) 100vw, 600px\" \/><\/a><\/p>\r\n<p>&nbsp;<\/p>\r\n<h4>Das sind meine Zielgruppen:<\/h4>\r\n<ul>\r\n<li>ErzieherInnen an Kinderg\u00e4rten, Kindertagesst\u00e4tten und \u00e4hnlichen Einrichtungen<\/li>\r\n<li>Lehrpersonen an allgemeinbildenden Schulen \u2013 auch und gerade fachfremd Unterrichtende<\/li>\r\n<li>Instrumentallehrpersonen in Kooperationen z.B. Schulen und anderen Musikprojekten<\/li>\r\n<li>Menschen, die mit Gruppen in der Freizeit musizieren m\u00f6chten.<\/li>\r\n<li>Musizieren mit \u00c4lteren Weiterbildung gem. \u00a743b, 52b SGB IX<\/li>\r\n<\/ul>\r\n<h4>Und so kann ein Tag aussehen:<\/h4>\r\n<ul>\r\n<li>Vormittags 4 UE \u00e1 45 Minuten mit den einzelnen Klassen bzw. Klassenstufen<\/li>\r\n<li>Im Anschlu\u00df daran ein kleines Konzert mit allen Beteiligten<\/li>\r\n<li>Optional: anschlie\u00dfender Vertiefungsworkshop f\u00fcr die Lehrpersonen (im Tagessatz inbegriffen)<\/li>\r\n<\/ul>\r\n<h4>Die Kosten:<\/h4>\r\n<p>Tagessatz 540,\u2010 zzgl. Spesen (keine Umsatzsteuer). Andere Formate auf Anfrage.<\/p>\r\n<p><strong>F\u00fcr Bayern<\/strong>: Der <strong>Lehrplan+<\/strong> spezifiziert den Boomwhackerseinsatz explizit ab der 3. Klasse.<\/p>\r\n<p>Suchen Sie ein anderes Workshopformat oder w\u00fcnschen Sie einen bestimmten Termin? Kein Problem &#8211; einfach Mail an mich. Klicken Sie<a class=\"jqpost\" href=\"mailto:mail@andreasvonhoff.de\"> <span style=\"color: #00ff00;\">hier.<\/span><\/a><\/p>\r\n\r\n<p>&nbsp;<\/p>\r\n\r\n<h2><span style=\"color: #ff0000;\">Ich komme <span style=\"color: #ff6600;\">virtuell an <span style=\"color: #00ff00;\">Ihre Schule,<\/span> wann immer<\/span> Sie wollen<\/span>.<\/h2>\r\n<p>Sie entscheiden, ob mit ZOOM, TEAMS, SKYPE oder einer anderen Software Ihrer Wahl. Ein Workshop dauert 45 Minuten. Wer daran teilnimmt (Sch\u00fcler oder Lehrerpersonen oder beide) entscheiden Sie. Die Workshopinhalte stimmen wir ab. Sie schicken mir einfach eine Einladung Ihres Anbieters. Ein virtueller <strong>Workshop <\/strong>kostet so nur noch<strong> 60,- \u20ac<\/strong>. Nennen Sie mir einfach Ihren Wunschtermin:<\/p>\r\n<ul>\r\n<li><a href=\"mailto:mail@andreasvonhoff.de\"><span style=\"color: #333399;\">mail (at) andreasvonhoff (punkt) de<\/span><\/a><\/li>\r\n<\/ul>\r\n<p>&nbsp;<\/p>","protected":false},"excerpt":{"rendered":"<p>!Boomwhackers nach in Corona? Geht! Workshops auf Anfrage Und die Hygiene? Die Boomwhackers werden vor und nach dem Musizieren mit haushalts\u00fcblichen Desinfektionsmitteln gereinigt. Ansonsten gelten die &#8222;Drei Goldenen Boomwhackersregeln&#8220;: &#8222;No eyes, no ears, no mouth! :-)&#8220;. Hier das Video dazu. Wir singen? Klar doch! Sicherheitsabstand? Den halten die Boomwhackerspieler ganz automatisch ein :-). Wo? Turnhalle [&hellip;]<\/p>\n","protected":false},"author":1,"featured_media":0,"parent":0,"menu_order":1,"comment_status":"open","ping_status":"open","template":"","meta":{"_surecart_dashboard_logo_width":"180px","_surecart_dashboard_show_logo":true,"_surecart_dashboard_navigation_orders":true,"_surecart_dashboard_navigation_invoices":true,"_surecart_dashboard_navigation_subscriptions":true,"_surecart_dashboard_navigation_downloads":true,"_surecart_dashboard_navigation_billing":true,"_surecart_dashboard_navigation_account":true,"footnotes":""},"class_list":["post-2","page","type-page","status-publish","hentry"],"_links":{"self":[{"href":"https:\/\/www.andreasvonhoff.de\/index.php?rest_route=\/wp\/v2\/pages\/2","targetHints":{"allow":["GET"]}}],"collection":[{"href":"https:\/\/www.andreasvonhoff.de\/index.php?rest_route=\/wp\/v2\/pages"}],"about":[{"href":"https:\/\/www.andreasvonhoff.de\/index.php?rest_route=\/wp\/v2\/types\/page"}],"author":[{"embeddable":true,"href":"https:\/\/www.andreasvonhoff.de\/index.php?rest_route=\/wp\/v2\/users\/1"}],"replies":[{"embeddable":true,"href":"https:\/\/www.andreasvonhoff.de\/index.php?rest_route=%2Fwp%2Fv2%2Fcomments&post=2"}],"version-history":[{"count":54,"href":"https:\/\/www.andreasvonhoff.de\/index.php?rest_route=\/wp\/v2\/pages\/2\/revisions"}],"predecessor-version":[{"id":2824,"href":"https:\/\/www.andreasvonhoff.de\/index.php?rest_route=\/wp\/v2\/pages\/2\/revisions\/2824"}],"wp:attachment":[{"href":"https:\/\/www.andreasvonhoff.de\/index.php?rest_route=%2Fwp%2Fv2%2Fmedia&parent=2"}],"curies":[{"name":"wp","href":"https:\/\/api.w.org\/{rel}","templated":true}]}}