{"id":43,"date":"2015-03-19T16:12:40","date_gmt":"2015-03-19T15:12:40","guid":{"rendered":"http:\/\/www.andreasvonhoff.de\/wordpress\/\/?page_id=43"},"modified":"2022-08-13T09:13:41","modified_gmt":"2022-08-13T07:13:41","slug":"das-drumcircle-konzept-im-corporate-event-einsatz","status":"publish","type":"page","link":"https:\/\/www.andreasvonhoff.de\/?page_id=43","title":{"rendered":"Teambuilding Events"},"content":{"rendered":"<p><img data-recalc-dims=\"1\" loading=\"lazy\" decoding=\"async\" class=\"wp-image-1315 alignleft\" src=\"https:\/\/i0.wp.com\/www.andreasvonhoff.de\/wp-content\/uploads\/Scala1.png?resize=400%2C300&#038;ssl=1\" alt=\"\" width=\"400\" height=\"300\" \/><\/p>\n<p style=\"text-align: left;\">Es gibt zwei grundlegende, jederzeit \u00fcbertragbare Prinzipien, die eine erfolgreiche Gruppe in jeder Art von Musik beachten muss:<\/p>\n<ul>\n<li>&#8211; jeder wird von jedem unterst\u00fctzt<\/li>\n<li>&#8211; alle h\u00f6ren aufeinander<\/li>\n<\/ul>\n<p style=\"text-align: left;\">Wenn diese Regeln befolgt werden, kann\u00a0 Zusammenarbeit realisiert werden, eine Gemeinschaft generiert werden, die erkannt hat welche Vorteile die Kooperation ihrer Mitglieder hat.<\/p>\n<p><img data-recalc-dims=\"1\" loading=\"lazy\" decoding=\"async\" class=\"size-full wp-image-154 alignleft\" src=\"https:\/\/i0.wp.com\/www.andreasvonhoff.de\/\/wp-content\/uploads\/2015\/03\/mb732.jpg?resize=400%2C300&#038;ssl=1\" alt=\"mb732\" width=\"400\" height=\"300\" \/><\/p>\n<div id=\"attachment_164\" style=\"width: 410px\" class=\"wp-caption alignleft\"><img data-recalc-dims=\"1\" loading=\"lazy\" decoding=\"async\" aria-describedby=\"caption-attachment-164\" class=\"wp-image-164 size-full\" src=\"https:\/\/i0.wp.com\/www.andreasvonhoff.de\/\/wp-content\/uploads\/2015\/03\/Vinci-02-wo.jpg?resize=400%2C300&#038;ssl=1\" alt=\"OLYMPUS DIGITAL CAMERA\" width=\"400\" height=\"300\" \/><p id=\"caption-attachment-164\" class=\"wp-caption-text\">Foto: Thomas Tratnik<\/p><\/div>\n<p>Boomwhackers werden deshalb seit vielen Jahren erfolgreich bei Meetings, Fort- und Weiterbildungsma\u00dfnahmen, Roadshows und Incentives eingesetzt.<\/p>\n<p>Neu ist der Einsatz der Rainbow-Methode, die gezielt auf ein konkretes musikalisches Ergebnis hinarbeitet.<\/p>\n<p>&#8222;Freude sch\u00f6ner G\u00f6tterfunken&#8220; lag 2017 ganz oben auf der Beliebheitsskala bei Firmenevents. Als Beamerpr\u00e4sentation jeweils abgestimmt auf die individuellen Anforderungen der Kunden.<\/p>\n<p>&#8222;Happy Birthday To You&#8220; als spontane Einlage der gesamten Belegschaft folgte auf Platz 2.<\/p>\n<p>Der Einsatz der Boomwhackers empfiehlt sich ab Gruppengr\u00f6ssen von 30 Personen. Ansonsten gilt: Je mehr Teilnehmer, um so besser, nach oben gibt es keine Grenze.<\/p>\n<p>Mehr zum Thema auf Anfrage. Entweder unter +49-6221-6733896 oder mail (at) andreasvonhoff (punkt) de<\/p>\n","protected":false},"excerpt":{"rendered":"<p>Es gibt zwei grundlegende, jederzeit \u00fcbertragbare Prinzipien, die eine erfolgreiche Gruppe in jeder Art von Musik beachten muss: &#8211; jeder wird von jedem unterst\u00fctzt &#8211; alle h\u00f6ren aufeinander Wenn diese Regeln befolgt werden, kann\u00a0 Zusammenarbeit realisiert werden, eine Gemeinschaft generiert werden, die erkannt hat welche Vorteile die Kooperation ihrer Mitglieder hat. Boomwhackers werden deshalb seit [&hellip;]<\/p>\n","protected":false},"author":1,"featured_media":0,"parent":0,"menu_order":8,"comment_status":"open","ping_status":"open","template":"","meta":{"_surecart_dashboard_logo_width":"180px","_surecart_dashboard_show_logo":true,"_surecart_dashboard_navigation_orders":true,"_surecart_dashboard_navigation_invoices":true,"_surecart_dashboard_navigation_subscriptions":true,"_surecart_dashboard_navigation_downloads":true,"_surecart_dashboard_navigation_billing":true,"_surecart_dashboard_navigation_account":true,"footnotes":""},"class_list":["post-43","page","type-page","status-publish","hentry"],"_links":{"self":[{"href":"https:\/\/www.andreasvonhoff.de\/index.php?rest_route=\/wp\/v2\/pages\/43","targetHints":{"allow":["GET"]}}],"collection":[{"href":"https:\/\/www.andreasvonhoff.de\/index.php?rest_route=\/wp\/v2\/pages"}],"about":[{"href":"https:\/\/www.andreasvonhoff.de\/index.php?rest_route=\/wp\/v2\/types\/page"}],"author":[{"embeddable":true,"href":"https:\/\/www.andreasvonhoff.de\/index.php?rest_route=\/wp\/v2\/users\/1"}],"replies":[{"embeddable":true,"href":"https:\/\/www.andreasvonhoff.de\/index.php?rest_route=%2Fwp%2Fv2%2Fcomments&post=43"}],"version-history":[{"count":23,"href":"https:\/\/www.andreasvonhoff.de\/index.php?rest_route=\/wp\/v2\/pages\/43\/revisions"}],"predecessor-version":[{"id":2644,"href":"https:\/\/www.andreasvonhoff.de\/index.php?rest_route=\/wp\/v2\/pages\/43\/revisions\/2644"}],"wp:attachment":[{"href":"https:\/\/www.andreasvonhoff.de\/index.php?rest_route=%2Fwp%2Fv2%2Fmedia&parent=43"}],"curies":[{"name":"wp","href":"https:\/\/api.w.org\/{rel}","templated":true}]}}