{"id":49,"date":"2015-03-19T16:21:06","date_gmt":"2015-03-19T15:21:06","guid":{"rendered":"http:\/\/www.andreasvonhoff.de\/wordpress\/\/?page_id=49"},"modified":"2024-09-22T09:58:41","modified_gmt":"2024-09-22T07:58:41","slug":"reaktionenfeedback","status":"publish","type":"page","link":"https:\/\/www.andreasvonhoff.de\/?page_id=49","title":{"rendered":"Feedback"},"content":{"rendered":"<div id=\"seite\">\n<h3>Pressereaktionen (Ausz\u00fcge)<\/h3>\n<ul>\n<li>16.09.2019 Osnabr\u00fccker Zeitung <a href=\"https:\/\/www.noz.de\/lokales\/bad-iburg\/artikel\/1879337\/glaner-grundschueler-machen-knallbunte-musik\"><span style=\"color: #808080;\">hier klicken<\/span><\/a><\/li>\n<li><a href=\"https:\/\/www.andreasvonhoff.de\/wp-content\/uploads\/Boomwhacker-Workshop-19.pdf\">16.09.2019 Boomwhacker-Workshop<\/a><\/li>\n<li class=\"hack\">15.02.2014 Hohenloher Tagblatt<a href=\"http:\/\/www.swp.de\/crailsheim\/lokales\/landkreis_schwaebisch_hall\/Musik-aus-bunten-Roehren;art5722,2453786\" target=\"_blank\" rel=\"noopener noreferrer\"> hier klicken<\/a><\/li>\n<li class=\"hack\">29.05.2013 Mannheimer Morgen <a href=\"http:\/\/www.morgenweb.de\/mannheim\/stadtteile\/vogelstang\/rohren-offnen-tor-zur-musik-1.1052328\" target=\"_blank\" rel=\"noopener noreferrer\"> hier klicken<\/a><\/li>\n<li class=\"hack\">30.10.2012 Westph\u00e4lische Nachrichten <a href=\"http:\/\/www.wn.de\/Muensterland\/Kreis-Steinfurt\/Lengerich\/2012\/10\/Boomwhackers-geben-den-Takt-vor-Bunt-und-laut\" target=\"_blank\" rel=\"noopener noreferrer\"> hier klicken<\/a><\/li>\n<li class=\"hack\">26.06.2012 Aachener Nachrichten <a href=\"http:\/\/www.aachener-nachrichten.de\/lokales\/aachen\/grundschule-driescher-hof-40-jaehriges-mit-hohem-spassfaktor-1.424627\" target=\"_blank\" rel=\"noopener noreferrer\"> hier klicken<\/a><\/li>\n<li class=\"hack\">15.09.2011 Nordseezeitung <a href=\"http:\/\/www.nordsee-zeitung.de\/index.php?artikel=-Bunte-Roehren-geben-den-Ton-an-&amp;arid=630995&amp;pageid=17\" target=\"_blank\" rel=\"noopener noreferrer\"> hier klicken<\/a><\/li>\n<li class=\"hack\">10.09.2011 H\u00f6chster Kreisblatt <a href=\"http:\/\/www.kreisblatt.de\/lokales\/main-taunus-kreis\/Bunte-Plastikroehren-fuer-die-musikalische-Ausbildung;art676,106557\" target=\"_blank\" rel=\"noopener noreferrer\"> hier klicken<\/a><\/li>\n<\/ul>\n<p><a href=\"https:\/\/i0.wp.com\/www.andreasvonhoff.de\/wp-content\/uploads\/img03.jpg?ssl=1\"><img data-recalc-dims=\"1\" loading=\"lazy\" decoding=\"async\" class=\"alignnone wp-image-358 size-medium\" src=\"https:\/\/i0.wp.com\/www.andreasvonhoff.de\/wp-content\/uploads\/img03.jpg?resize=300%2C210&#038;ssl=1\" alt=\"img03\" width=\"300\" height=\"210\" srcset=\"https:\/\/i0.wp.com\/www.andreasvonhoff.de\/wp-content\/uploads\/img03.jpg?resize=300%2C210&amp;ssl=1 300w, https:\/\/i0.wp.com\/www.andreasvonhoff.de\/wp-content\/uploads\/img03.jpg?resize=150%2C105&amp;ssl=1 150w, https:\/\/i0.wp.com\/www.andreasvonhoff.de\/wp-content\/uploads\/img03.jpg?w=570&amp;ssl=1 570w\" sizes=\"auto, (max-width: 300px) 100vw, 300px\" \/><\/a><\/p>\n<h3>R\u00fcckmeldungen von Lehrern und Teilnehmern (Ausz\u00fcge)<\/h3>\n<ul>\n<li>Grundschule Glane in Bad Iburg: 16.09.2019 <span style=\"color: #3366ff;\"><a style=\"color: #3366ff;\" href=\"http:\/\/www.grundschule-glane.de\/aktuelles\/item\/1304-boomwhackers-workshop\">http:\/\/www.grundschule-glane.de\/aktuelles\/item\/1304-boomwhackers-workshop<\/a><\/span><\/li>\n<li class=\"hack\">Grundschule Kroppacher Schweiz 14.06.2013 <a href=\"http:\/\/www.grundschule-kroppach.de\/201213\/boom.html\" target=\"_blank\" rel=\"noopener noreferrer\"> hier klicken<\/a><\/li>\n<li class=\"hack\">M\u00fcritz-Schule Sietow 23.02.2013<a href=\"http:\/\/xn--mritz-schule-sietow-59b.de\/kennt-ihr-boomwhacker-eine-musikalische-fortbildung-fur-alle-padagogen\/\" target=\"_blank\" rel=\"noopener noreferrer\"> hier klicken<\/a><\/li>\n<li class=\"hack\">Grundschule Lengerich Stadt <a href=\"http:\/\/www.grundschulestadt-lengerich.de\/\" target=\"_blank\" rel=\"noopener noreferrer\"> hier klicken<\/a><\/li>\n<li class=\"hack\">Heideschule Schwanewede 19.10.2012 <a href=\"http:\/\/www.heideschule-schwanewede.de\/bildergalerie\/2013\/musik-projekt-boomwhacker.html\" target=\"_blank\" rel=\"noopener noreferrer\">hier klicken<\/a><\/li>\n<li class=\"hack\">Berta-Hirsch-Schule Mannheim 26.04.2012 <a href=\"http:\/\/berthahirschschule.de\/?page_id=1110\" target=\"_blank\" rel=\"noopener noreferrer\"> Text<\/a><\/li>\n<li class=\"hack\">Albert-Schweitzer-Schule Okriftel 07.09.2011 <a href=\"http:\/\/albert-schweitzer-schule-okriftel.de\/galerie\/\" target=\"_blank\" rel=\"noopener noreferrer\"> Text<\/a><\/li>\n<li class=\"hack\">Gymnasium am R\u00f6merkastell Alzey 30.09.2010 <a href=\"http:\/\/www.roeka-alzey.de\/news\/10-09-30\/1796\/Die-Boomwhackers-sind-da.html\" target=\"_blank\" rel=\"noopener noreferrer\"> Text<\/a><\/li>\n<li class=\"hack\">GEW Hessen, Fotobericht Schuldorf Seeheim-Jugenheim img07.jpg. Zum Lesen bitte kopieren: http:\/\/www.schuldorf.de\/source\/aktuelles\/highlights10\/boomwhackers\/boomwhackers-bericht.html. Klassenmusizieren mit Boomwhackers und Cajon. Workshopauswertung LEA mbH E-MAil: anmeldung (at)lea-bildung(punkt)de<\/li>\n<li class=\"hack\">&#8222;Klassenmusizieren mit dem DrumCircle-Konzept mit allen 10 GS-Klassen. Die Kinder waren begeistert. Sie haben sehr konzentriert mitgemacht, auch die schwachen und &#8222;zappligen&#8220; Sch\u00fcler\/innen. Das war ein tolles Gemeinschaftserlebnis &#8211; auch f\u00fcr das Kollegium. Davon h\u00e4tten wir gerne mehr. Ich kann mir gut vorstellen, dass die von Ihnen (prognostizierten) Verhaltens\u00e4nderungen bei regelm\u00e4\u00dfigem Trommeln im positiven Sinne zu erwarten sind.&#8220; Br\u00fcder-Grimm-Schule, Brunnengasse 41, 64668 Rimbach<\/li>\n<li class=\"hack\">&#8222;Die Boomwhackers und DrumCircle-Workshops haben meine Erwartungen in vollem Umfang erf\u00fcllt. Andreas, du hast alle meine Erwartungen und W\u00fcnsche \u00fcbertroffen. Egal, ob 1.\/2.\/3. oder 4.Klasse oder Chor. Du hast alle Sch\u00fclerInnen kind\/altersgem\u00e4\u00df angesprochen und derma\u00dfen motiviert, dass wir alle nach dir und deinen Sessions s\u00fcchtig geworden sind. Im n\u00e4chsten Schuljahr komme ich ja an die Elztalschule und freue mich jetzt schon auf die folgenden Begegnungen mit dir beim Klassenmusizieren.&#8220; Grundschule Schwarzach Auf der H\u00f6he 13 74869 Schwarzach.<\/li>\n<li class=\"hack\">&#8222;Der Workshop Boomwhackers und Cajones hat meine Erwartungen in vollem Umfang erf\u00fcllt. Ich werde das Konzept in meinem Unterricht einsetzen.&#8220; Taunusschule Bad Camberg, Heinrich-Fend-Stra\u00dfe, 65520 Bad Camberg.<\/li>\n<li class=\"hack\">Ich habe am AfS-Workshop Klassenmusizieren mit Boomwhackers und Cajon teilgenommen. Dieser Workshop hat meine Erwartungen in vollem Umfang erf\u00fcllt. Die vorgestellten Konzepte werde ich im Unterricht einsetzen.GHWRS Althengstett, Schulstrasse 9-15, 75382 Althengstett<\/li>\n<li class=\"hack\">&#8222;Klassenmusizieren mit Boomwhackers und Cajones hat meine Erwartungen in vollem Umfang erf\u00fcllt. Ich werde das Konzept in meinem Unterricht einsetzen. Es war wirklich sehr interessant &#8211; tolle Sache &#8211; weiter so!&#8220; Nebenius-Grundschule, Nebeniusstr. 22, 76137 Karlsruhe<\/li>\n<li class=\"hack\">Der Boomwhackers-Workshop hat sehr viele Spa\u00df gemacht und war sehr effektiv. Er hat meine Erwartungen voll erf\u00fcllt. Vielleicht sollten Beispiele in Form einer Infomappe auch f\u00fcr das Kollegium mitgegeben werden, um u.a. die Entscheidung \u00fcber eine Schuleinf\u00fchrung zu erleichtern.\u00a0 GS Gro\u00dfsachsen, Pestalozzistr. 16, 69493 Hirschberg<\/li>\n<li class=\"hack\">&#8222;Der Lehrerfortbildungsworkshop am THILLM mit den Inhalten Klassenmusizieren mit Boomwhackers und Cajones und Klassenmusizieren hat meine Erwartungen in vollem Umfang erf\u00fcllt. Ich werde die Konzepte im Unterricht einsetzen.&#8220; Staatliches Gymnasium Sonneberg, 96515 Sonneberg.<\/li>\n<li class=\"hack\">&#8222;Klassenmusizieren mit dem DrumCircleKonzept sowie Klassenmusizieren mit Boomwhackers und Cajones am THILLM haben meine Erwartungen in vollem Umfang erf\u00fcllt. Ich werde die Konzepte im Unterricht einsetzen.&#8220; Jenaplan Schule Suhl, Ringbergstrasse 4, 98528 Suhl.<\/li>\n<li class=\"hack\">&#8222;Der Workshop Klassenmusizieren mit dem DrumCircleKonzept hat meine Erwartungen in vollem Umfang erf\u00fcllt. Ich werde das Konzept im Unterricht einsetzen. Anmerkungen: Dieser Workshop kam ohne den oft \u00fcblichen esoterischen Ballast aus. Klasse.&#8220; 65468 Trebur-Geinsheim<\/li>\n<li class=\"hack\">&#8222;Der Workshop Klassenmusizieren mit dem DrumCircleKonzept hat meine Erwartungen in vollem Umfang erf\u00fcllt. Ich werde das Konzept im Unterricht einsetzen. Anmerkungen: tolle Einf\u00fchrung und Umsetzung in der Schule.&#8220; Kirchbergschule Bensheim, Darmst\u00e4dter Str. 45, 64625 Bensheim<\/li>\n<li class=\"hack\">Heideschule Schwanewede 19.10.2012 <a href=\"http:\/\/www.grundschulestadt-lengerich.de\/\" target=\"_blank\" rel=\"noopener noreferrer\">http:\/\/www.grundschulestadt-lengerich.de\/<\/a><\/li>\n<li class=\"hack\">Grundschule Lengerich Stadt <a href=\"http:\/\/www.schule-an-der-muehle-schiffdorf.de\/fotoserien\/schnappschuesse\/der_boomwhacker_workshop_44771.html\/\" target=\"_blank\" rel=\"noopener noreferrer\"> hier klicken<\/a><\/li>\n<li class=\"hack\"><a href=\"https:\/\/i0.wp.com\/www.andreasvonhoff.de\/wp-content\/uploads\/2015\/03\/parkringschule_1.jpg?ssl=1\"> &#8220; target=&#8220;_blank&#8220;<img data-recalc-dims=\"1\" loading=\"lazy\" decoding=\"async\" class=\"alignnone wp-image-158 size-full\" src=\"https:\/\/i0.wp.com\/www.andreasvonhoff.de\/wp-content\/uploads\/2015\/03\/parkringschule_1.jpg?resize=599%2C210&#038;ssl=1\" alt=\"MINOLTA DIGITAL CAMERA\" width=\"599\" height=\"210\" srcset=\"https:\/\/i0.wp.com\/www.andreasvonhoff.de\/wp-content\/uploads\/2015\/03\/parkringschule_1.jpg?w=599&amp;ssl=1 599w, https:\/\/i0.wp.com\/www.andreasvonhoff.de\/wp-content\/uploads\/2015\/03\/parkringschule_1.jpg?resize=300%2C105&amp;ssl=1 300w\" sizes=\"auto, (max-width: 599px) 100vw, 599px\" \/><\/a><\/li>\n<\/ul>\n<\/div>\n","protected":false},"excerpt":{"rendered":"<p>Pressereaktionen (Ausz\u00fcge) 16.09.2019 Osnabr\u00fccker Zeitung hier klicken 16.09.2019 Boomwhacker-Workshop 15.02.2014 Hohenloher Tagblatt hier klicken 29.05.2013 Mannheimer Morgen hier klicken 30.10.2012 Westph\u00e4lische Nachrichten hier klicken 26.06.2012 Aachener Nachrichten hier klicken 15.09.2011 Nordseezeitung hier klicken 10.09.2011 H\u00f6chster Kreisblatt hier klicken R\u00fcckmeldungen von Lehrern und Teilnehmern (Ausz\u00fcge) Grundschule Glane in Bad Iburg: 16.09.2019 http:\/\/www.grundschule-glane.de\/aktuelles\/item\/1304-boomwhackers-workshop Grundschule Kroppacher Schweiz 14.06.2013 [&hellip;]<\/p>\n","protected":false},"author":1,"featured_media":0,"parent":0,"menu_order":13,"comment_status":"open","ping_status":"open","template":"","meta":{"_surecart_dashboard_logo_width":"180px","_surecart_dashboard_show_logo":true,"_surecart_dashboard_navigation_orders":true,"_surecart_dashboard_navigation_invoices":true,"_surecart_dashboard_navigation_subscriptions":true,"_surecart_dashboard_navigation_downloads":true,"_surecart_dashboard_navigation_billing":true,"_surecart_dashboard_navigation_account":true,"footnotes":""},"class_list":["post-49","page","type-page","status-publish","hentry"],"_links":{"self":[{"href":"https:\/\/www.andreasvonhoff.de\/index.php?rest_route=\/wp\/v2\/pages\/49","targetHints":{"allow":["GET"]}}],"collection":[{"href":"https:\/\/www.andreasvonhoff.de\/index.php?rest_route=\/wp\/v2\/pages"}],"about":[{"href":"https:\/\/www.andreasvonhoff.de\/index.php?rest_route=\/wp\/v2\/types\/page"}],"author":[{"embeddable":true,"href":"https:\/\/www.andreasvonhoff.de\/index.php?rest_route=\/wp\/v2\/users\/1"}],"replies":[{"embeddable":true,"href":"https:\/\/www.andreasvonhoff.de\/index.php?rest_route=%2Fwp%2Fv2%2Fcomments&post=49"}],"version-history":[{"count":17,"href":"https:\/\/www.andreasvonhoff.de\/index.php?rest_route=\/wp\/v2\/pages\/49\/revisions"}],"predecessor-version":[{"id":2836,"href":"https:\/\/www.andreasvonhoff.de\/index.php?rest_route=\/wp\/v2\/pages\/49\/revisions\/2836"}],"wp:attachment":[{"href":"https:\/\/www.andreasvonhoff.de\/index.php?rest_route=%2Fwp%2Fv2%2Fmedia&parent=49"}],"curies":[{"name":"wp","href":"https:\/\/api.w.org\/{rel}","templated":true}]}}