{"id":592,"date":"2015-07-07T15:25:38","date_gmt":"2015-07-07T13:25:38","guid":{"rendered":"http:\/\/www.andreasvonhoff.de\/?page_id=592"},"modified":"2022-08-13T08:38:02","modified_gmt":"2022-08-13T06:38:02","slug":"die-rhythmusklasse-workshop-fuer-einsteiger-oder-fortgeschrittene","status":"publish","type":"page","link":"https:\/\/www.andreasvonhoff.de\/?page_id=592","title":{"rendered":"Die Rhythmusklasse"},"content":{"rendered":"<div class=\"n\">\n<p><a href=\"https:\/\/i0.wp.com\/www.andreasvonhoff.de\/wp-content\/uploads\/Rhythmusklasse_logo_rgb_internetbanner.png?ssl=1\"><img data-recalc-dims=\"1\" loading=\"lazy\" decoding=\"async\" class=\" wp-image-599 aligncenter\" src=\"https:\/\/i0.wp.com\/www.andreasvonhoff.de\/wp-content\/uploads\/Rhythmusklasse_logo_rgb_internetbanner.png?resize=443%2C108&#038;ssl=1\" alt=\"Rhythmusklasse_logo_rgb_internetbanner\" width=\"443\" height=\"108\" srcset=\"https:\/\/i0.wp.com\/www.andreasvonhoff.de\/wp-content\/uploads\/Rhythmusklasse_logo_rgb_internetbanner.png?resize=300%2C73&amp;ssl=1 300w, https:\/\/i0.wp.com\/www.andreasvonhoff.de\/wp-content\/uploads\/Rhythmusklasse_logo_rgb_internetbanner.png?resize=150%2C36&amp;ssl=1 150w, https:\/\/i0.wp.com\/www.andreasvonhoff.de\/wp-content\/uploads\/Rhythmusklasse_logo_rgb_internetbanner.png?resize=600%2C146&amp;ssl=1 600w, https:\/\/i0.wp.com\/www.andreasvonhoff.de\/wp-content\/uploads\/Rhythmusklasse_logo_rgb_internetbanner.png?w=800&amp;ssl=1 800w\" sizes=\"auto, (max-width: 443px) 100vw, 443px\" \/><\/a><\/p>\n<p>Und darum geht es in diesem ganzt\u00e4gigen (auf Wunsch auch mehrt\u00e4gigen) Workshop:<\/p>\n<p>Mit der <strong>Rhythmusklasse <\/strong>werden die Sch\u00fcler\/innen im Grundschulalter praxisorientiert an Musik und Rhythmus herangef\u00fchrt und k\u00f6nnen bald erste Erfolge erzielen.<\/p>\n<ul>\n<li>Grundkenntnisse werden mit Arrangements erweitert, Motorik, Taktgef\u00fchl und Gruppenverhalten werden erlebt, ge\u00fcbt und vertieft.<\/li>\n<\/ul>\n<ul>\n<li>Auch fachfremde Lehrkr\u00e4fte k\u00f6nnen das Konzept problemlos in ihren Unterricht einbauen. Oft sind die an sich kosteng\u00fcnstigen Instrumente schon im Schulinventar vorhanden.<\/li>\n<\/ul>\n<ul>\n<li>Kostenfreie Online-Lernvideos erleichtern die Handhabung und erm\u00f6glichen den Zugang f\u00fcr die Sch\u00fcler\/innen auch ausserhalb der Schule. Sie zum \u00dcben au\u00dferhalb der Schulzeiten zu bewegen, wird nun einfacher. Die kostenlosen Lernvideos k\u00f6nnen von den Sch\u00fclern jederzeit als Apps \u00fcber ihre Smartphones abgerufen werden.<\/li>\n<\/ul>\n<\/div>\n<div class=\"n\">\n<div id=\"lightbox-gallery-5791421742\" class=\"ccgalerie clearover\">\n<div class=\"n\"><a href=\"https:\/\/i0.wp.com\/www.andreasvonhoff.de\/wp-content\/uploads\/2015\/03\/Liederbuch1.jpg?ssl=1\"><img data-recalc-dims=\"1\" loading=\"lazy\" decoding=\"async\" class=\" alignnone wp-image-132\" src=\"https:\/\/i0.wp.com\/www.andreasvonhoff.de\/wp-content\/uploads\/2015\/03\/Liederbuch1.jpg?resize=121%2C171&#038;ssl=1\" alt=\"Liederbuch1\" width=\"121\" height=\"171\" \/><\/a><a href=\"https:\/\/i0.wp.com\/www.andreasvonhoff.de\/wp-content\/uploads\/2015\/03\/Rainbowhomepage.jpg?ssl=1\"><img data-recalc-dims=\"1\" loading=\"lazy\" decoding=\"async\" class=\" alignnone wp-image-239\" src=\"https:\/\/i0.wp.com\/www.andreasvonhoff.de\/wp-content\/uploads\/2015\/03\/Rainbowhomepage.jpg?resize=131%2C174&#038;ssl=1\" alt=\"Rainbowhomepage\" width=\"131\" height=\"174\" srcset=\"https:\/\/i0.wp.com\/www.andreasvonhoff.de\/wp-content\/uploads\/2015\/03\/Rainbowhomepage.jpg?resize=225%2C300&amp;ssl=1 225w, https:\/\/i0.wp.com\/www.andreasvonhoff.de\/wp-content\/uploads\/2015\/03\/Rainbowhomepage.jpg?resize=769%2C1024&amp;ssl=1 769w, https:\/\/i0.wp.com\/www.andreasvonhoff.de\/wp-content\/uploads\/2015\/03\/Rainbowhomepage.jpg?w=2000&amp;ssl=1 2000w\" sizes=\"auto, (max-width: 131px) 100vw, 131px\" \/><\/a><a href=\"https:\/\/i0.wp.com\/www.andreasvonhoff.de\/wp-content\/uploads\/2015\/03\/mossautal8.jpg?ssl=1\"><img data-recalc-dims=\"1\" loading=\"lazy\" decoding=\"async\" class=\" wp-image-155 alignright\" src=\"https:\/\/i0.wp.com\/www.andreasvonhoff.de\/wp-content\/uploads\/2015\/03\/mossautal8.jpg?resize=228%2C167&#038;ssl=1\" alt=\"mossautal8\" width=\"228\" height=\"167\" \/><\/a><\/div>\n<p><a href=\"http:\/\/leuwa.de\/sortiment\/die-rhythmusklasse\/unterrichtshefte\/\">\u00a0 <\/a> <a href=\"http:\/\/leuwa.de\/sortiment\/die-rhythmusklasse\/unterrichtshefte\/\">\u00a0<\/a><a href=\"http:\/\/leuwa.de\/sortiment\/die-rhythmusklasse\/unterrichtshefte\/\">\u00a0<\/a><a href=\"http:\/\/leuwa.de\/sortiment\/die-rhythmusklasse\/unterrichtshefte\/\">\u00a0<\/a><a href=\"http:\/\/leuwa.de\/sortiment\/die-rhythmusklasse\/unterrichtshefte\/\">\u00a0<\/a><a href=\"http:\/\/leuwa.de\/sortiment\/die-rhythmusklasse\/unterrichtshefte\/\">\u00a0<\/a><a href=\"http:\/\/leuwa.de\/sortiment\/die-rhythmusklasse\/unterrichtshefte\/\">\u00a0<\/a><a href=\"http:\/\/leuwa.de\/sortiment\/die-rhythmusklasse\/unterrichtshefte\/\">\u00a0<\/a><\/p>\n<p>Der positive Einfluss aktiven gemeinsamen Musizierens auf Leistungsst\u00e4rke und Sozialverhalten von Sch\u00fclern ist bekannt. Daher ist es nur naheliegend, das Musizieren konsequent in Hinblick auf inklusive und integrative Problematiken einzusetzen. Von Anfang an spielen die Sch\u00fclerinnen und Sch\u00fcler auf den Instrumenten, Herkunft, Religion, Sprache und Geschlecht treten in den Hintergrund.<\/p>\n<p>Nur das erfolgreiche gemeinsame und gleichberechtigte Spiel z\u00e4hlt jetzt &#8211; der Erfolg ist f\u00fcr alle in Form eines guten Klangergebnisses h\u00f6rbar. Notennamen, Tonh\u00f6hen und theoretische \u00dcberlegungen spielen nur eine untergeordnete Rolle. So liegt der Fokus der Rhythmusklasse immer auf dem praktischen Spiel, dem Spa\u00df am Musizieren und der Freude \u00fcber das gemeinsam Erreichte.<\/p>\n<p>Die Rhythmusklasse ist von Anfang an auch f\u00fcr fachfremde Lehrer\/innen konzipiert. Mit den entsprechend konzipierten Anleitungen ist die Lehrkraft in der Lage, p\u00e4dagogische Zielsetzungen im Musikunterricht umzusetzen. <a href=\"https:\/\/www.youtube.com\/watch?t=794&amp;v=zG7QiQLHF9E\" target=\"_blank\" rel=\"noopener\">Zum Video bitte hier klicken<\/a>.<\/p>\n<\/div>\n<div class=\"n\">\n<p>Alle Hefte sind mit integrierten Videos auch als eBook erh\u00e4ltlich. Hier laufen die Videos auch offline, was f\u00fcr den Lehrer eine sehr gute Hilfe sein kann.<\/p>\n<\/div>\n<div class=\"n\">\n<div id=\"lightbox-gallery-5791430501\" class=\"ccgalerie clearover\">\n<div id=\"gallery_thumb_2456271945\" class=\"thumb_pro3\">\n<div class=\"innerthumbnail\">\n<h4>Diese Zielgruppen werden angesprochen:<\/h4>\n<ul>\n<li>Lehrkr\u00e4fte an allgemeinbildenden Schulen \u2013 auch fachfremd Unterrichtende<\/li>\n<li>Instrumentallehrer in Kooperationen z.B. JeKi und anderen Musikprojekten<\/li>\n<\/ul>\n<h4>Workshop-Formate:<\/h4>\n<ul>\n<li>Ganz- oder mehrt\u00e4gig auf Abruf.<\/li>\n<li>Ganzt\u00e4gige Veranstaltung 2022 510,\u2010 zzgl. Reisekosten. Andere Formate auf Anfrage.<\/li>\n<li>Kontakt: mail (at) andreasvonhoff (punkt) de<\/li>\n<\/ul>\n<\/div>\n<\/div>\n<\/div>\n<\/div>\n<\/div>\n","protected":false},"excerpt":{"rendered":"<p>Und darum geht es in diesem ganzt\u00e4gigen (auf Wunsch auch mehrt\u00e4gigen) Workshop: Mit der Rhythmusklasse werden die Sch\u00fcler\/innen im Grundschulalter praxisorientiert an Musik und Rhythmus herangef\u00fchrt und k\u00f6nnen bald erste Erfolge erzielen. Grundkenntnisse werden mit Arrangements erweitert, Motorik, Taktgef\u00fchl und Gruppenverhalten werden erlebt, ge\u00fcbt und vertieft. Auch fachfremde Lehrkr\u00e4fte k\u00f6nnen das Konzept problemlos in ihren [&hellip;]<\/p>\n","protected":false},"author":2,"featured_media":0,"parent":0,"menu_order":2,"comment_status":"open","ping_status":"open","template":"","meta":{"_surecart_dashboard_logo_width":"180px","_surecart_dashboard_show_logo":true,"_surecart_dashboard_navigation_orders":true,"_surecart_dashboard_navigation_invoices":true,"_surecart_dashboard_navigation_subscriptions":true,"_surecart_dashboard_navigation_downloads":true,"_surecart_dashboard_navigation_billing":true,"_surecart_dashboard_navigation_account":true,"footnotes":""},"class_list":["post-592","page","type-page","status-publish","hentry"],"_links":{"self":[{"href":"https:\/\/www.andreasvonhoff.de\/index.php?rest_route=\/wp\/v2\/pages\/592","targetHints":{"allow":["GET"]}}],"collection":[{"href":"https:\/\/www.andreasvonhoff.de\/index.php?rest_route=\/wp\/v2\/pages"}],"about":[{"href":"https:\/\/www.andreasvonhoff.de\/index.php?rest_route=\/wp\/v2\/types\/page"}],"author":[{"embeddable":true,"href":"https:\/\/www.andreasvonhoff.de\/index.php?rest_route=\/wp\/v2\/users\/2"}],"replies":[{"embeddable":true,"href":"https:\/\/www.andreasvonhoff.de\/index.php?rest_route=%2Fwp%2Fv2%2Fcomments&post=592"}],"version-history":[{"count":25,"href":"https:\/\/www.andreasvonhoff.de\/index.php?rest_route=\/wp\/v2\/pages\/592\/revisions"}],"predecessor-version":[{"id":2633,"href":"https:\/\/www.andreasvonhoff.de\/index.php?rest_route=\/wp\/v2\/pages\/592\/revisions\/2633"}],"wp:attachment":[{"href":"https:\/\/www.andreasvonhoff.de\/index.php?rest_route=%2Fwp%2Fv2%2Fmedia&parent=592"}],"curies":[{"name":"wp","href":"https:\/\/api.w.org\/{rel}","templated":true}]}}